{"id":51,"date":"2015-11-24T21:41:52","date_gmt":"2015-11-24T19:41:52","guid":{"rendered":"http:\/\/hervelin.com\/blog\/?page_id=51"},"modified":"2020-11-11T15:04:04","modified_gmt":"2020-11-11T13:04:04","slug":"bucketlist","status":"publish","type":"page","link":"https:\/\/hervelin.com\/blog\/bucketlist","title":{"rendered":"My bucket list"},"content":{"rendered":"<blockquote>\n<p style=\"text-align: left;\">En r\u00e9f\u00e9rence \u00e0 ce\u00a0 film <a href=\"https:\/\/en.wikipedia.org\/wiki\/The_Bucket_List\" target=\"_blank\" rel=\"noopener noreferrer\">The bucket list (Sans plus attendre)<\/a>, ci-dessous une petite liste des choses que j&#8217;aimerai faire ou poss\u00e9der.<\/p>\n<\/blockquote>\n<p>Cette liste est class\u00e9e par rubriques, et sans priorit\u00e9 sp\u00e9cifique.<\/p>\n<p><a href=\"https:\/\/hervelin.com\/blog\/my-bucket-list\/automobile\">Automobile<\/a>\u00a0 |\u00a0<a href=\"https:\/\/hervelin.com\/blog\/my-bucket-list\/bricolage\">Bricolage<\/a>\u00a0 | <a href=\"https:\/\/hervelin.com\/blog\/my-bucket-list\/chiens\">Chiens<\/a> |\u00a0<a href=\"https:\/\/hervelin.com\/blog\/my-bucket-list\/electronique\">Electronique<\/a> |\u00a0<a href=\"https:\/\/hervelin.com\/blog\/my-bucket-list\/equipement-maison\">Equipement Maison<\/a> | \u00a0<a href=\"https:\/\/hervelin.com\/blog\/my-bucket-list\/outfit\">Outfit<\/a> |\u00a0<a href=\"https:\/\/hervelin.com\/blog\/my-bucket-list\/overlanding\">Overlanding<\/a> | <a href=\"https:\/\/hervelin.com\/blog\/my-bucket-list\/voyages\">Voyages<\/a> |<\/p>\n","protected":false},"excerpt":{"rendered":"<p>En r\u00e9f\u00e9rence \u00e0 ce\u00a0 film The bucket list (Sans plus attendre), ci-dessous une petite liste des choses que j&#8217;aimerai faire ou poss\u00e9der. Cette liste est class\u00e9e par rubriques, et sans priorit\u00e9 sp\u00e9cifique. Automobile\u00a0 |\u00a0Bricolage\u00a0 | Chiens |\u00a0Electronique |\u00a0Equipement Maison | \u00a0Outfit |\u00a0Overlanding | Voyages |<\/p>\n","protected":false},"author":2,"featured_media":0,"parent":0,"menu_order":0,"comment_status":"open","ping_status":"closed","template":"page-templates\/full-width.php","meta":{"footnotes":""},"class_list":["post-51","page","type-page","status-publish","hentry"],"_links":{"self":[{"href":"https:\/\/hervelin.com\/blog\/wp-json\/wp\/v2\/pages\/51","targetHints":{"allow":["GET"]}}],"collection":[{"href":"https:\/\/hervelin.com\/blog\/wp-json\/wp\/v2\/pages"}],"about":[{"href":"https:\/\/hervelin.com\/blog\/wp-json\/wp\/v2\/types\/page"}],"author":[{"embeddable":true,"href":"https:\/\/hervelin.com\/blog\/wp-json\/wp\/v2\/users\/2"}],"replies":[{"embeddable":true,"href":"https:\/\/hervelin.com\/blog\/wp-json\/wp\/v2\/comments?post=51"}],"version-history":[{"count":98,"href":"https:\/\/hervelin.com\/blog\/wp-json\/wp\/v2\/pages\/51\/revisions"}],"predecessor-version":[{"id":325,"href":"https:\/\/hervelin.com\/blog\/wp-json\/wp\/v2\/pages\/51\/revisions\/325"}],"wp:attachment":[{"href":"https:\/\/hervelin.com\/blog\/wp-json\/wp\/v2\/media?parent=51"}],"curies":[{"name":"wp","href":"https:\/\/api.w.org\/{rel}","templated":true}]}}