{"id":317,"date":"2020-11-11T13:25:19","date_gmt":"2020-11-11T11:25:19","guid":{"rendered":"http:\/\/hervelin.com\/blog\/?page_id=317"},"modified":"2025-12-27T16:14:52","modified_gmt":"2025-12-27T14:14:52","slug":"outfit","status":"publish","type":"page","link":"https:\/\/hervelin.com\/blog\/bucketlist\/outfit","title":{"rendered":"Outfit"},"content":{"rendered":"<p style=\"text-align: left;\"><span style=\"font-size: 26px; font-weight: bold;\">Outfit<\/span><\/p>\n<p>Tailles:<\/p>\n<pre>Haut: 52EUR | US XL\u00a0\r\n\r\nBas: 44EUR | US 33\/33\r\n\r\nPointure: 41-42EUR | US 9.5E (boots)<\/pre>\n<p><a href=\"https:\/\/hervelin.com\/blog\/wp-content\/uploads\/2021\/05\/026570E2-3A5E-4E51-970A-B8B8F1D5CF34.jpeg\"><img loading=\"lazy\" decoding=\"async\" class=\"size-medium wp-image-441 alignnone\" src=\"https:\/\/hervelin.com\/blog\/wp-content\/uploads\/2021\/05\/026570E2-3A5E-4E51-970A-B8B8F1D5CF34-300x278.jpeg\" alt=\"\" width=\"300\" height=\"278\" srcset=\"https:\/\/hervelin.com\/blog\/wp-content\/uploads\/2021\/05\/026570E2-3A5E-4E51-970A-B8B8F1D5CF34-300x278.jpeg 300w, https:\/\/hervelin.com\/blog\/wp-content\/uploads\/2021\/05\/026570E2-3A5E-4E51-970A-B8B8F1D5CF34-1024x948.jpeg 1024w, https:\/\/hervelin.com\/blog\/wp-content\/uploads\/2021\/05\/026570E2-3A5E-4E51-970A-B8B8F1D5CF34-768x711.jpeg 768w, https:\/\/hervelin.com\/blog\/wp-content\/uploads\/2021\/05\/026570E2-3A5E-4E51-970A-B8B8F1D5CF34.jpeg 1142w\" sizes=\"auto, (max-width: 300px) 100vw, 300px\" \/><\/a><\/p>\n<p><a href=\"https:\/\/hervelin.com\/blog\/wp-content\/uploads\/2020\/05\/CC387583-3F96-4205-99E7-1551107C66D5.jpeg\"><img loading=\"lazy\" decoding=\"async\" class=\"size-medium wp-image-284 alignnone\" src=\"https:\/\/hervelin.com\/blog\/wp-content\/uploads\/2020\/05\/CC387583-3F96-4205-99E7-1551107C66D5-246x300.jpeg\" alt=\"\" width=\"246\" height=\"300\" srcset=\"https:\/\/hervelin.com\/blog\/wp-content\/uploads\/2020\/05\/CC387583-3F96-4205-99E7-1551107C66D5-246x300.jpeg 246w, https:\/\/hervelin.com\/blog\/wp-content\/uploads\/2020\/05\/CC387583-3F96-4205-99E7-1551107C66D5.jpeg 750w\" sizes=\"auto, (max-width: 246px) 100vw, 246px\" \/><\/a><\/p>\n<p><a href=\"https:\/\/hervelin.com\/blog\/wp-content\/uploads\/2021\/05\/A70E70DF-A23C-415C-AEDB-608A9CEA16C6.jpeg\"><img loading=\"lazy\" decoding=\"async\" class=\"wp-image-443 alignnone\" src=\"https:\/\/hervelin.com\/blog\/wp-content\/uploads\/2021\/05\/A70E70DF-A23C-415C-AEDB-608A9CEA16C6-300x189.jpeg\" alt=\"\" width=\"414\" height=\"261\" srcset=\"https:\/\/hervelin.com\/blog\/wp-content\/uploads\/2021\/05\/A70E70DF-A23C-415C-AEDB-608A9CEA16C6-300x189.jpeg 300w, https:\/\/hervelin.com\/blog\/wp-content\/uploads\/2021\/05\/A70E70DF-A23C-415C-AEDB-608A9CEA16C6-1024x643.jpeg 1024w, https:\/\/hervelin.com\/blog\/wp-content\/uploads\/2021\/05\/A70E70DF-A23C-415C-AEDB-608A9CEA16C6-768x483.jpeg 768w, https:\/\/hervelin.com\/blog\/wp-content\/uploads\/2021\/05\/A70E70DF-A23C-415C-AEDB-608A9CEA16C6-1536x965.jpeg 1536w, https:\/\/hervelin.com\/blog\/wp-content\/uploads\/2021\/05\/A70E70DF-A23C-415C-AEDB-608A9CEA16C6-2048x1287.jpeg 2048w\" sizes=\"auto, (max-width: 414px) 100vw, 414px\" \/><\/a><\/p>\n<p><a href=\"https:\/\/hervelin.com\/blog\/wp-content\/uploads\/2021\/05\/A9A4E659-50B0-4AFF-B8CA-C3978B30A3AB.jpeg\"><img loading=\"lazy\" decoding=\"async\" class=\"size-medium wp-image-466 alignnone\" src=\"https:\/\/hervelin.com\/blog\/wp-content\/uploads\/2021\/05\/A9A4E659-50B0-4AFF-B8CA-C3978B30A3AB-173x300.jpeg\" alt=\"\" width=\"173\" height=\"300\" srcset=\"https:\/\/hervelin.com\/blog\/wp-content\/uploads\/2021\/05\/A9A4E659-50B0-4AFF-B8CA-C3978B30A3AB-173x300.jpeg 173w, https:\/\/hervelin.com\/blog\/wp-content\/uploads\/2021\/05\/A9A4E659-50B0-4AFF-B8CA-C3978B30A3AB-589x1024.jpeg 589w, https:\/\/hervelin.com\/blog\/wp-content\/uploads\/2021\/05\/A9A4E659-50B0-4AFF-B8CA-C3978B30A3AB-768x1336.jpeg 768w, https:\/\/hervelin.com\/blog\/wp-content\/uploads\/2021\/05\/A9A4E659-50B0-4AFF-B8CA-C3978B30A3AB-883x1536.jpeg 883w, https:\/\/hervelin.com\/blog\/wp-content\/uploads\/2021\/05\/A9A4E659-50B0-4AFF-B8CA-C3978B30A3AB-1178x2048.jpeg 1178w, https:\/\/hervelin.com\/blog\/wp-content\/uploads\/2021\/05\/A9A4E659-50B0-4AFF-B8CA-C3978B30A3AB.jpeg 1242w\" sizes=\"auto, (max-width: 173px) 100vw, 173px\" \/><\/a><\/p>\n<h3 class=\"a-size-small a-color-secondary a-text-normal\" data-feature-name=\"title\" data-template-name=\"title\"><span id=\"title\" class=\"a-size-small\">Sac de voyage<\/span><\/h3>\n<p><a href=\"https:\/\/hervelin.com\/blog\/wp-content\/uploads\/2023\/10\/IMG_1243.webp\"><img loading=\"lazy\" decoding=\"async\" class=\"size-medium wp-image-761 alignnone\" src=\"https:\/\/hervelin.com\/blog\/wp-content\/uploads\/2023\/10\/IMG_1243-300x300.webp\" alt=\"\" width=\"300\" height=\"300\" srcset=\"https:\/\/hervelin.com\/blog\/wp-content\/uploads\/2023\/10\/IMG_1243-300x300.webp 300w, https:\/\/hervelin.com\/blog\/wp-content\/uploads\/2023\/10\/IMG_1243-1024x1024.webp 1024w, https:\/\/hervelin.com\/blog\/wp-content\/uploads\/2023\/10\/IMG_1243-150x150.webp 150w, https:\/\/hervelin.com\/blog\/wp-content\/uploads\/2023\/10\/IMG_1243-768x768.webp 768w, https:\/\/hervelin.com\/blog\/wp-content\/uploads\/2023\/10\/IMG_1243.webp 1090w\" sizes=\"auto, (max-width: 300px) 100vw, 300px\" \/><\/a><\/p>\n<h1><a href=\"https:\/\/fr.louisvuitton.com\/fra-fr\/produits\/sac-keepall-bandouliere-55-nvprod3170126v\/M59025\">Sac Louis Vuitton Keepall Bandouli\u00e8re 50 &#8211; Cuir Naturel Noir monogramme emboss\u00e9<\/a><\/h1>\n<h1>&#8212; D\u00e9j\u00e0 dans le besace !<\/h1>\n<p style=\"text-align: left;\"><a href=\"https:\/\/hervelin.com\/blog\/wp-content\/uploads\/2020\/11\/7238E84D-3B24-45BA-93D2-9835606E6389.jpeg\"><img loading=\"lazy\" decoding=\"async\" class=\"size-medium wp-image-355 alignnone\" src=\"https:\/\/hervelin.com\/blog\/wp-content\/uploads\/2020\/11\/7238E84D-3B24-45BA-93D2-9835606E6389-300x151.jpeg\" alt=\"\" width=\"300\" height=\"151\" srcset=\"https:\/\/hervelin.com\/blog\/wp-content\/uploads\/2020\/11\/7238E84D-3B24-45BA-93D2-9835606E6389-300x151.jpeg 300w, https:\/\/hervelin.com\/blog\/wp-content\/uploads\/2020\/11\/7238E84D-3B24-45BA-93D2-9835606E6389.jpeg 640w\" sizes=\"auto, (max-width: 300px) 100vw, 300px\" \/><\/a><\/p>\n<p><span style=\"color: #767676; font-size: 19px; font-style: italic;\">No\u00ebl 2020\/Julie et Chlo\u00e9.<\/span><\/p>\n<p>&nbsp;<\/p>\n","protected":false},"excerpt":{"rendered":"<p>Outfit Tailles: Haut: 52EUR | US XL\u00a0 Bas: 44EUR | US 33\/33 Pointure: 41-42EUR | US 9.5E (boots) Sac de voyage Sac Louis Vuitton Keepall Bandouli\u00e8re 50 &#8211; Cuir Naturel Noir monogramme emboss\u00e9 &#8212; D\u00e9j\u00e0 dans le besace ! No\u00ebl 2020\/Julie et Chlo\u00e9. &nbsp;<\/p>\n","protected":false},"author":2,"featured_media":0,"parent":51,"menu_order":0,"comment_status":"closed","ping_status":"closed","template":"page-templates\/full-width.php","meta":{"footnotes":""},"class_list":["post-317","page","type-page","status-publish","hentry"],"_links":{"self":[{"href":"https:\/\/hervelin.com\/blog\/wp-json\/wp\/v2\/pages\/317","targetHints":{"allow":["GET"]}}],"collection":[{"href":"https:\/\/hervelin.com\/blog\/wp-json\/wp\/v2\/pages"}],"about":[{"href":"https:\/\/hervelin.com\/blog\/wp-json\/wp\/v2\/types\/page"}],"author":[{"embeddable":true,"href":"https:\/\/hervelin.com\/blog\/wp-json\/wp\/v2\/users\/2"}],"replies":[{"embeddable":true,"href":"https:\/\/hervelin.com\/blog\/wp-json\/wp\/v2\/comments?post=317"}],"version-history":[{"count":17,"href":"https:\/\/hervelin.com\/blog\/wp-json\/wp\/v2\/pages\/317\/revisions"}],"predecessor-version":[{"id":1080,"href":"https:\/\/hervelin.com\/blog\/wp-json\/wp\/v2\/pages\/317\/revisions\/1080"}],"up":[{"embeddable":true,"href":"https:\/\/hervelin.com\/blog\/wp-json\/wp\/v2\/pages\/51"}],"wp:attachment":[{"href":"https:\/\/hervelin.com\/blog\/wp-json\/wp\/v2\/media?parent=317"}],"curies":[{"name":"wp","href":"https:\/\/api.w.org\/{rel}","templated":true}]}}