{"id":302,"date":"2020-11-11T13:02:25","date_gmt":"2020-11-11T11:02:25","guid":{"rendered":"http:\/\/hervelin.com\/blog\/?page_id=302"},"modified":"2025-12-27T16:09:19","modified_gmt":"2025-12-27T14:09:19","slug":"electronique","status":"publish","type":"page","link":"https:\/\/hervelin.com\/blog\/bucketlist\/electronique","title":{"rendered":"Electronique"},"content":{"rendered":"<h1 style=\"text-align: left;\">D\u00e9coupeuse de papier autocollant<\/h1>\n<p><a href=\"https:\/\/hervelin.com\/blog\/wp-content\/uploads\/2020\/06\/920DD6A1-92E2-48E0-BD75-4C86BBCD8800.jpeg\"><img loading=\"lazy\" decoding=\"async\" class=\"wp-image-289 alignnone\" src=\"https:\/\/hervelin.com\/blog\/wp-content\/uploads\/2020\/06\/920DD6A1-92E2-48E0-BD75-4C86BBCD8800-300x154.jpeg\" alt=\"\" width=\"409\" height=\"210\" srcset=\"https:\/\/hervelin.com\/blog\/wp-content\/uploads\/2020\/06\/920DD6A1-92E2-48E0-BD75-4C86BBCD8800-300x154.jpeg 300w, https:\/\/hervelin.com\/blog\/wp-content\/uploads\/2020\/06\/920DD6A1-92E2-48E0-BD75-4C86BBCD8800-1024x525.jpeg 1024w, https:\/\/hervelin.com\/blog\/wp-content\/uploads\/2020\/06\/920DD6A1-92E2-48E0-BD75-4C86BBCD8800-768x394.jpeg 768w, https:\/\/hervelin.com\/blog\/wp-content\/uploads\/2020\/06\/920DD6A1-92E2-48E0-BD75-4C86BBCD8800-1536x788.jpeg 1536w, https:\/\/hervelin.com\/blog\/wp-content\/uploads\/2020\/06\/920DD6A1-92E2-48E0-BD75-4C86BBCD8800-2048x1051.jpeg 2048w\" sizes=\"auto, (max-width: 409px) 100vw, 409px\" \/><\/a><\/p>\n<h1>Talkie Walkies<\/h1>\n<p>Midland C1178 paire<\/p>\n<p><a href=\"https:\/\/hervelin.com\/blog\/wp-content\/uploads\/2021\/10\/770E6A9A-3926-4395-AC30-15C04C6F7DF7.jpeg\"><img loading=\"lazy\" decoding=\"async\" class=\"size-medium wp-image-516 alignnone\" src=\"https:\/\/hervelin.com\/blog\/wp-content\/uploads\/2021\/10\/770E6A9A-3926-4395-AC30-15C04C6F7DF7-249x300.jpeg\" alt=\"\" width=\"249\" height=\"300\" srcset=\"https:\/\/hervelin.com\/blog\/wp-content\/uploads\/2021\/10\/770E6A9A-3926-4395-AC30-15C04C6F7DF7-249x300.jpeg 249w, https:\/\/hervelin.com\/blog\/wp-content\/uploads\/2021\/10\/770E6A9A-3926-4395-AC30-15C04C6F7DF7-848x1024.jpeg 848w, https:\/\/hervelin.com\/blog\/wp-content\/uploads\/2021\/10\/770E6A9A-3926-4395-AC30-15C04C6F7DF7-768x927.jpeg 768w, https:\/\/hervelin.com\/blog\/wp-content\/uploads\/2021\/10\/770E6A9A-3926-4395-AC30-15C04C6F7DF7.jpeg 1242w\" sizes=\"auto, (max-width: 249px) 100vw, 249px\" \/><\/a><\/p>\n<h1>&#8212;&#8211; Ce que l\u2019on m\u2019a d\u00e9j\u00e0 offert est \u00a0ci-dessous ! &#8212;&#8212;-<\/h1>\n<h1>Lampe torche Haute Luminosit\u00e9 LED rechargeable:<\/h1>\n<p><a href=\"https:\/\/hervelin.com\/blog\/wp-content\/uploads\/2021\/11\/4C963CBC-9658-4407-98A2-4D2C84BAB6B4.jpeg\"><img loading=\"lazy\" decoding=\"async\" class=\"size-medium wp-image-520 alignnone\" src=\"https:\/\/hervelin.com\/blog\/wp-content\/uploads\/2021\/11\/4C963CBC-9658-4407-98A2-4D2C84BAB6B4-257x300.jpeg\" alt=\"\" width=\"257\" height=\"300\" srcset=\"https:\/\/hervelin.com\/blog\/wp-content\/uploads\/2021\/11\/4C963CBC-9658-4407-98A2-4D2C84BAB6B4-257x300.jpeg 257w, https:\/\/hervelin.com\/blog\/wp-content\/uploads\/2021\/11\/4C963CBC-9658-4407-98A2-4D2C84BAB6B4-878x1024.jpeg 878w, https:\/\/hervelin.com\/blog\/wp-content\/uploads\/2021\/11\/4C963CBC-9658-4407-98A2-4D2C84BAB6B4-768x895.jpeg 768w, https:\/\/hervelin.com\/blog\/wp-content\/uploads\/2021\/11\/4C963CBC-9658-4407-98A2-4D2C84BAB6B4.jpeg 1242w\" sizes=\"auto, (max-width: 257px) 100vw, 257px\" \/><\/a><\/p>\n<blockquote><p>\u00a0No\u00ebl 2025\/Julie L.<\/p><\/blockquote>\n<h2 style=\"text-align: left;\">R\u00e9cepteur GPS pour navigation<\/h2>\n<p><a href=\"https:\/\/hervelin.com\/blog\/wp-content\/uploads\/2020\/06\/12F81976-2110-49D9-AF81-6A5398EE30A9.jpeg\"><img loading=\"lazy\" decoding=\"async\" class=\"size-medium wp-image-287 alignnone\" src=\"https:\/\/hervelin.com\/blog\/wp-content\/uploads\/2020\/06\/12F81976-2110-49D9-AF81-6A5398EE30A9-300x148.jpeg\" alt=\"\" width=\"300\" height=\"148\" srcset=\"https:\/\/hervelin.com\/blog\/wp-content\/uploads\/2020\/06\/12F81976-2110-49D9-AF81-6A5398EE30A9-300x148.jpeg 300w, https:\/\/hervelin.com\/blog\/wp-content\/uploads\/2020\/06\/12F81976-2110-49D9-AF81-6A5398EE30A9-1024x504.jpeg 1024w, https:\/\/hervelin.com\/blog\/wp-content\/uploads\/2020\/06\/12F81976-2110-49D9-AF81-6A5398EE30A9-768x378.jpeg 768w, https:\/\/hervelin.com\/blog\/wp-content\/uploads\/2020\/06\/12F81976-2110-49D9-AF81-6A5398EE30A9-1536x756.jpeg 1536w, https:\/\/hervelin.com\/blog\/wp-content\/uploads\/2020\/06\/12F81976-2110-49D9-AF81-6A5398EE30A9-2048x1008.jpeg 2048w\" sizes=\"auto, (max-width: 300px) 100vw, 300px\" \/><\/a><\/p>\n<blockquote><p>F\u00eate des p\u00eares 2020\/Antoine<\/p><\/blockquote>\n<h1>Sacoche rangement tablette:<\/h1>\n<p><a href=\"https:\/\/hervelin.com\/blog\/wp-content\/uploads\/2020\/11\/0D00AA30-D7AB-4164-891F-512117C47BD4.jpeg\"><img loading=\"lazy\" decoding=\"async\" class=\"wp-image-363 alignnone\" src=\"https:\/\/hervelin.com\/blog\/wp-content\/uploads\/2020\/11\/0D00AA30-D7AB-4164-891F-512117C47BD4-300x104.jpeg\" alt=\"\" width=\"413\" height=\"143\" srcset=\"https:\/\/hervelin.com\/blog\/wp-content\/uploads\/2020\/11\/0D00AA30-D7AB-4164-891F-512117C47BD4-300x104.jpeg 300w, https:\/\/hervelin.com\/blog\/wp-content\/uploads\/2020\/11\/0D00AA30-D7AB-4164-891F-512117C47BD4-1024x353.jpeg 1024w, https:\/\/hervelin.com\/blog\/wp-content\/uploads\/2020\/11\/0D00AA30-D7AB-4164-891F-512117C47BD4-768x265.jpeg 768w, https:\/\/hervelin.com\/blog\/wp-content\/uploads\/2020\/11\/0D00AA30-D7AB-4164-891F-512117C47BD4-1536x530.jpeg 1536w, https:\/\/hervelin.com\/blog\/wp-content\/uploads\/2020\/11\/0D00AA30-D7AB-4164-891F-512117C47BD4-2048x707.jpeg 2048w\" sizes=\"auto, (max-width: 413px) 100vw, 413px\" \/><\/a><\/p>\n<p><span style=\"color: #767676; font-size: 19px; font-style: italic;\">F\u00eate des p\u00e8res 2023\/Kath<\/span><\/p>\n<h2>Potensic ATOM<\/h2>\n<p><a href=\"https:\/\/hervelin.com\/blog\/wp-content\/uploads\/2023\/10\/IMG_2910.jpeg\"><img loading=\"lazy\" decoding=\"async\" class=\"size-medium wp-image-764 alignnone\" src=\"https:\/\/hervelin.com\/blog\/wp-content\/uploads\/2023\/10\/IMG_2910-300x266.jpeg\" alt=\"\" width=\"300\" height=\"266\" srcset=\"https:\/\/hervelin.com\/blog\/wp-content\/uploads\/2023\/10\/IMG_2910-300x266.jpeg 300w, https:\/\/hervelin.com\/blog\/wp-content\/uploads\/2023\/10\/IMG_2910-1024x909.jpeg 1024w, https:\/\/hervelin.com\/blog\/wp-content\/uploads\/2023\/10\/IMG_2910-768x682.jpeg 768w, https:\/\/hervelin.com\/blog\/wp-content\/uploads\/2023\/10\/IMG_2910.jpeg 1284w\" sizes=\"auto, (max-width: 300px) 100vw, 300px\" \/><\/a><\/p>\n<p>Potensic ATOM SE Combo GPS Drone avec Cam\u00e9ra 4K, 62 Mins de Vol, moins de 249g, HD Transmission Max 4KM, Vitesse Max 16m\/s, ShakeVanish EIS Technologie, FPV Quadcopter pour Adultes et D\u00e9butants<\/p>\n<blockquote><p>Anniversaire 2024\/Ma garde rapprochee<\/p><\/blockquote>\n<p>&nbsp;<\/p>\n","protected":false},"excerpt":{"rendered":"<p>D\u00e9coupeuse de papier autocollant Talkie Walkies Midland C1178 paire &#8212;&#8211; Ce que l\u2019on m\u2019a d\u00e9j\u00e0 offert est \u00a0ci-dessous ! &#8212;&#8212;- Lampe torche Haute Luminosit\u00e9 LED rechargeable: \u00a0No\u00ebl 2025\/Julie L. R\u00e9cepteur GPS pour navigation F\u00eate des p\u00eares 2020\/Antoine Sacoche rangement tablette: F\u00eate des p\u00e8res 2023\/Kath Potensic ATOM Potensic ATOM SE Combo GPS Drone avec Cam\u00e9ra 4K, &hellip; <a href=\"https:\/\/hervelin.com\/blog\/bucketlist\/electronique\" class=\"more-link\">Continue reading <span class=\"screen-reader-text\">Electronique<\/span> <span class=\"meta-nav\">&rarr;<\/span><\/a><\/p>\n","protected":false},"author":2,"featured_media":0,"parent":51,"menu_order":0,"comment_status":"closed","ping_status":"closed","template":"","meta":{"footnotes":""},"class_list":["post-302","page","type-page","status-publish","hentry"],"_links":{"self":[{"href":"https:\/\/hervelin.com\/blog\/wp-json\/wp\/v2\/pages\/302","targetHints":{"allow":["GET"]}}],"collection":[{"href":"https:\/\/hervelin.com\/blog\/wp-json\/wp\/v2\/pages"}],"about":[{"href":"https:\/\/hervelin.com\/blog\/wp-json\/wp\/v2\/types\/page"}],"author":[{"embeddable":true,"href":"https:\/\/hervelin.com\/blog\/wp-json\/wp\/v2\/users\/2"}],"replies":[{"embeddable":true,"href":"https:\/\/hervelin.com\/blog\/wp-json\/wp\/v2\/comments?post=302"}],"version-history":[{"count":21,"href":"https:\/\/hervelin.com\/blog\/wp-json\/wp\/v2\/pages\/302\/revisions"}],"predecessor-version":[{"id":1077,"href":"https:\/\/hervelin.com\/blog\/wp-json\/wp\/v2\/pages\/302\/revisions\/1077"}],"up":[{"embeddable":true,"href":"https:\/\/hervelin.com\/blog\/wp-json\/wp\/v2\/pages\/51"}],"wp:attachment":[{"href":"https:\/\/hervelin.com\/blog\/wp-json\/wp\/v2\/media?parent=302"}],"curies":[{"name":"wp","href":"https:\/\/api.w.org\/{rel}","templated":true}]}}