{"id":294,"date":"2020-11-11T13:00:05","date_gmt":"2020-11-11T11:00:05","guid":{"rendered":"http:\/\/hervelin.com\/blog\/?page_id=294"},"modified":"2025-12-27T16:13:07","modified_gmt":"2025-12-27T14:13:07","slug":"bricolage","status":"publish","type":"page","link":"https:\/\/hervelin.com\/blog\/bucketlist\/bricolage","title":{"rendered":"Bricolage"},"content":{"rendered":"<h1 style=\"text-align: left;\">Outillage<\/h1>\n<h2 style=\"text-align: left;\">Tron\u00e7onneuse thermique<\/h2>\n<p><a href=\"https:\/\/hervelin.com\/blog\/wp-content\/uploads\/2015\/11\/Tronconneuse.png\"><img loading=\"lazy\" decoding=\"async\" class=\"size-medium wp-image-117 alignnone\" src=\"https:\/\/hervelin.com\/blog\/wp-content\/uploads\/2015\/11\/Tronconneuse-300x203.png\" alt=\"\" width=\"300\" height=\"203\" srcset=\"https:\/\/hervelin.com\/blog\/wp-content\/uploads\/2015\/11\/Tronconneuse-300x203.png 300w, https:\/\/hervelin.com\/blog\/wp-content\/uploads\/2015\/11\/Tronconneuse-768x520.png 768w, https:\/\/hervelin.com\/blog\/wp-content\/uploads\/2015\/11\/Tronconneuse-1024x693.png 1024w, https:\/\/hervelin.com\/blog\/wp-content\/uploads\/2015\/11\/Tronconneuse.png 1456w\" sizes=\"auto, (max-width: 300px) 100vw, 300px\" \/><\/a><\/p>\n<p><a href=\"https:\/\/www.leroymerlin.fr\/v3\/p\/produits\/terrasse-jardin\/tondeuse-tronconneuse-taille-haie\/tronconneuse-scie-et-fendeur-de-bois-l1308217489?resultOffset=0&amp;resultLimit=50&amp;resultListShape=PLAIN&amp;priceStyle=SALEUNIT_PRICE&amp;*19428=19428&amp;*4294828356=4294828356&amp;*4294829755=4294829755#result-wrapper\" target=\"_blank\" rel=\"noopener noreferrer\">Leroy Merlin<\/a><\/p>\n<h2>Meuleuse sur batterie Ryobi<\/h2>\n<h1><a href=\"https:\/\/hervelin.com\/blog\/wp-content\/uploads\/2021\/12\/BC5F5FA5-E766-4F43-9746-4C64C69491BC.jpeg\"><img loading=\"lazy\" decoding=\"async\" class=\"size-medium wp-image-529 alignnone\" src=\"https:\/\/hervelin.com\/blog\/wp-content\/uploads\/2021\/12\/BC5F5FA5-E766-4F43-9746-4C64C69491BC-300x264.jpeg\" alt=\"\" width=\"300\" height=\"264\" srcset=\"https:\/\/hervelin.com\/blog\/wp-content\/uploads\/2021\/12\/BC5F5FA5-E766-4F43-9746-4C64C69491BC-300x264.jpeg 300w, https:\/\/hervelin.com\/blog\/wp-content\/uploads\/2021\/12\/BC5F5FA5-E766-4F43-9746-4C64C69491BC.jpeg 527w\" sizes=\"auto, (max-width: 300px) 100vw, 300px\" \/><\/a><\/h1>\n<h1>Accessoires<\/h1>\n<h1>&#8212; Tout ce qui est en dessous de cette ligne m\u2019a d\u00e9j\u00e0 \u00e9t\u00e9 offert \u00a0\ud83d\ude09 &#8212;-<\/h1>\n<p>&nbsp;<\/p>\n<h2>M\u00e8tre \u00e0 ruban mesure imp\u00e9riale (pouces)<\/h2>\n<p><a href=\"https:\/\/hervelin.com\/blog\/wp-content\/uploads\/2023\/11\/IMG_3039.jpeg\"><img loading=\"lazy\" decoding=\"async\" class=\"size-medium wp-image-769 alignnone\" src=\"https:\/\/hervelin.com\/blog\/wp-content\/uploads\/2023\/11\/IMG_3039-300x246.jpeg\" alt=\"\" width=\"300\" height=\"246\" srcset=\"https:\/\/hervelin.com\/blog\/wp-content\/uploads\/2023\/11\/IMG_3039-300x246.jpeg 300w, https:\/\/hervelin.com\/blog\/wp-content\/uploads\/2023\/11\/IMG_3039-1024x838.jpeg 1024w, https:\/\/hervelin.com\/blog\/wp-content\/uploads\/2023\/11\/IMG_3039-768x629.jpeg 768w, https:\/\/hervelin.com\/blog\/wp-content\/uploads\/2023\/11\/IMG_3039.jpeg 1284w\" sizes=\"auto, (max-width: 300px) 100vw, 300px\" \/><\/a><\/p>\n<blockquote><p>F\u00eate des per\u00e8s 2025\/Kath<\/p><\/blockquote>\n<h2>Planche de m\u00e9canicien<\/h2>\n<p><a href=\"https:\/\/hervelin.com\/blog\/wp-content\/uploads\/2020\/11\/PlancheMEcanique.png\"><img loading=\"lazy\" decoding=\"async\" class=\"size-medium wp-image-338 alignnone\" src=\"https:\/\/hervelin.com\/blog\/wp-content\/uploads\/2020\/11\/PlancheMEcanique-300x92.png\" alt=\"\" width=\"300\" height=\"92\" srcset=\"https:\/\/hervelin.com\/blog\/wp-content\/uploads\/2020\/11\/PlancheMEcanique-300x92.png 300w, https:\/\/hervelin.com\/blog\/wp-content\/uploads\/2020\/11\/PlancheMEcanique.png 730w\" sizes=\"auto, (max-width: 300px) 100vw, 300px\" \/><\/a><\/p>\n<p><span style=\"color: #767676; font-size: 19px; font-style: italic;\">No\u00ebl 2020\/Kath.<\/span><\/p>\n<h2>Niveau laser<\/h2>\n<p><a href=\"https:\/\/hervelin.com\/blog\/wp-content\/uploads\/2020\/11\/NiveauLaser.png\"><img loading=\"lazy\" decoding=\"async\" class=\"size-medium wp-image-346 alignnone\" src=\"https:\/\/hervelin.com\/blog\/wp-content\/uploads\/2020\/11\/NiveauLaser-300x98.png\" alt=\"\" width=\"300\" height=\"98\" srcset=\"https:\/\/hervelin.com\/blog\/wp-content\/uploads\/2020\/11\/NiveauLaser-300x98.png 300w, https:\/\/hervelin.com\/blog\/wp-content\/uploads\/2020\/11\/NiveauLaser.png 698w\" sizes=\"auto, (max-width: 300px) 100vw, 300px\" \/><\/a><\/p>\n<p><span style=\"color: #767676; font-size: 19px; font-style: italic;\">No\u00ebl 2020\/G\u00e9raldine.<\/span><\/p>\n<h2>Pince \u00e0 sertir les \u00e9crous rivets<\/h2>\n<p><a href=\"https:\/\/hervelin.com\/blog\/wp-content\/uploads\/2020\/05\/CE8712EF-C035-4A46-8B08-5DEE1908A412.jpeg\"><img loading=\"lazy\" decoding=\"async\" class=\"size-medium wp-image-278 alignnone\" src=\"https:\/\/hervelin.com\/blog\/wp-content\/uploads\/2020\/05\/CE8712EF-C035-4A46-8B08-5DEE1908A412-300x146.jpeg\" alt=\"Pince\" width=\"300\" height=\"146\" srcset=\"https:\/\/hervelin.com\/blog\/wp-content\/uploads\/2020\/05\/CE8712EF-C035-4A46-8B08-5DEE1908A412-300x146.jpeg 300w, https:\/\/hervelin.com\/blog\/wp-content\/uploads\/2020\/05\/CE8712EF-C035-4A46-8B08-5DEE1908A412.jpeg 750w\" sizes=\"auto, (max-width: 300px) 100vw, 300px\" \/><\/a><\/p>\n<p><span style=\"color: #767676; font-size: 19px; font-style: italic;\">Anniv 2020\/Kath<\/span><\/p>\n<h2>Perceuse\/Visseuse ss fil<\/h2>\n<p><a href=\"https:\/\/hervelin.com\/blog\/wp-content\/uploads\/2015\/11\/PerceuseSSFil.png\"><img loading=\"lazy\" decoding=\"async\" class=\"size-medium wp-image-115 alignnone\" src=\"https:\/\/hervelin.com\/blog\/wp-content\/uploads\/2015\/11\/PerceuseSSFil-300x206.png\" alt=\"\" width=\"300\" height=\"206\" srcset=\"https:\/\/hervelin.com\/blog\/wp-content\/uploads\/2015\/11\/PerceuseSSFil-300x206.png 300w, https:\/\/hervelin.com\/blog\/wp-content\/uploads\/2015\/11\/PerceuseSSFil-768x528.png 768w, https:\/\/hervelin.com\/blog\/wp-content\/uploads\/2015\/11\/PerceuseSSFil-1024x704.png 1024w, https:\/\/hervelin.com\/blog\/wp-content\/uploads\/2015\/11\/PerceuseSSFil.png 1956w\" sizes=\"auto, (max-width: 300px) 100vw, 300px\" \/><\/a><\/p>\n<p><span style=\"color: #767676; font-size: 19px; font-style: italic;\">Kath.<\/span><\/p>\n","protected":false},"excerpt":{"rendered":"<p>Outillage Tron\u00e7onneuse thermique Leroy Merlin Meuleuse sur batterie Ryobi Accessoires &#8212; Tout ce qui est en dessous de cette ligne m\u2019a d\u00e9j\u00e0 \u00e9t\u00e9 offert \u00a0\ud83d\ude09 &#8212;- &nbsp; M\u00e8tre \u00e0 ruban mesure imp\u00e9riale (pouces) F\u00eate des per\u00e8s 2025\/Kath Planche de m\u00e9canicien No\u00ebl 2020\/Kath. Niveau laser No\u00ebl 2020\/G\u00e9raldine. Pince \u00e0 sertir les \u00e9crous rivets Anniv 2020\/Kath Perceuse\/Visseuse &hellip; <a href=\"https:\/\/hervelin.com\/blog\/bucketlist\/bricolage\" class=\"more-link\">Continue reading <span class=\"screen-reader-text\">Bricolage<\/span> <span class=\"meta-nav\">&rarr;<\/span><\/a><\/p>\n","protected":false},"author":2,"featured_media":0,"parent":51,"menu_order":0,"comment_status":"closed","ping_status":"closed","template":"page-templates\/full-width.php","meta":{"footnotes":""},"class_list":["post-294","page","type-page","status-publish","hentry"],"_links":{"self":[{"href":"https:\/\/hervelin.com\/blog\/wp-json\/wp\/v2\/pages\/294","targetHints":{"allow":["GET"]}}],"collection":[{"href":"https:\/\/hervelin.com\/blog\/wp-json\/wp\/v2\/pages"}],"about":[{"href":"https:\/\/hervelin.com\/blog\/wp-json\/wp\/v2\/types\/page"}],"author":[{"embeddable":true,"href":"https:\/\/hervelin.com\/blog\/wp-json\/wp\/v2\/users\/2"}],"replies":[{"embeddable":true,"href":"https:\/\/hervelin.com\/blog\/wp-json\/wp\/v2\/comments?post=294"}],"version-history":[{"count":18,"href":"https:\/\/hervelin.com\/blog\/wp-json\/wp\/v2\/pages\/294\/revisions"}],"predecessor-version":[{"id":1078,"href":"https:\/\/hervelin.com\/blog\/wp-json\/wp\/v2\/pages\/294\/revisions\/1078"}],"up":[{"embeddable":true,"href":"https:\/\/hervelin.com\/blog\/wp-json\/wp\/v2\/pages\/51"}],"wp:attachment":[{"href":"https:\/\/hervelin.com\/blog\/wp-json\/wp\/v2\/media?parent=294"}],"curies":[{"name":"wp","href":"https:\/\/api.w.org\/{rel}","templated":true}]}}