{"id":292,"date":"2020-11-11T12:58:20","date_gmt":"2020-11-11T10:58:20","guid":{"rendered":"http:\/\/hervelin.com\/blog\/?page_id=292"},"modified":"2025-12-28T23:04:54","modified_gmt":"2025-12-28T21:04:54","slug":"automobile","status":"publish","type":"page","link":"https:\/\/hervelin.com\/blog\/bucketlist\/automobile","title":{"rendered":"Automobile"},"content":{"rendered":"<h1 style=\"text-align: left;\">Sangle de remorquage \u00e0 inertie<\/h1>\n<h1><a href=\"https:\/\/hervelin.com\/blog\/wp-content\/uploads\/2018\/12\/551AA307-C8B3-4137-9CE8-316CAB8F4522.jpeg\"><img loading=\"lazy\" decoding=\"async\" class=\"size-full wp-image-194 alignnone\" src=\"https:\/\/hervelin.com\/blog\/wp-content\/uploads\/2018\/12\/551AA307-C8B3-4137-9CE8-316CAB8F4522.jpeg\" alt=\"\" width=\"750\" height=\"929\" srcset=\"https:\/\/hervelin.com\/blog\/wp-content\/uploads\/2018\/12\/551AA307-C8B3-4137-9CE8-316CAB8F4522.jpeg 750w, https:\/\/hervelin.com\/blog\/wp-content\/uploads\/2018\/12\/551AA307-C8B3-4137-9CE8-316CAB8F4522-242x300.jpeg 242w\" sizes=\"auto, (max-width: 750px) 100vw, 750px\" \/><\/a><\/h1>\n<h2>STICKERS<\/h2>\n<ul>\n<li style=\"text-align: left;\">Un sticker noir pour le capot de mon 4&#215;4 (genre jeep cherokee ou compass trailhawk)<\/li>\n<li style=\"text-align: left;\">Un kit stickers d\u00e9co lat\u00e9rale pour mon 4&#215;4 dans le th\u00e8me\n<ul>\n<li style=\"text-align: left;\">\u00ab mud spils \u00bb<\/li>\n<li style=\"text-align: left;\">\u00ab confederated rebel \u00bb.<\/li>\n<li style=\"text-align: left;\">\u00ab western \u00bb<\/li>\n<li style=\"text-align: left;\">\u00ab toyota racing development TX \u00bb<\/li>\n<\/ul>\n<\/li>\n<\/ul>\n<p><a href=\"https:\/\/hervelin.com\/blog\/wp-content\/uploads\/2018\/12\/FEB75832-5107-4DF7-8256-0AB84F4A9DAA.jpeg\"><img loading=\"lazy\" decoding=\"async\" class=\"size-full wp-image-196 alignnone\" src=\"https:\/\/hervelin.com\/blog\/wp-content\/uploads\/2018\/12\/FEB75832-5107-4DF7-8256-0AB84F4A9DAA.jpeg\" alt=\"\" width=\"607\" height=\"183\" srcset=\"https:\/\/hervelin.com\/blog\/wp-content\/uploads\/2018\/12\/FEB75832-5107-4DF7-8256-0AB84F4A9DAA.jpeg 607w, https:\/\/hervelin.com\/blog\/wp-content\/uploads\/2018\/12\/FEB75832-5107-4DF7-8256-0AB84F4A9DAA-300x90.jpeg 300w\" sizes=\"auto, (max-width: 607px) 100vw, 607px\" \/><\/a> <a href=\"https:\/\/hervelin.com\/blog\/wp-content\/uploads\/2018\/12\/88F3FE0F-2AAB-4492-9366-E4B0D84A9FAF.jpeg\"><img loading=\"lazy\" decoding=\"async\" class=\"size-full wp-image-197 alignnone\" src=\"https:\/\/hervelin.com\/blog\/wp-content\/uploads\/2018\/12\/88F3FE0F-2AAB-4492-9366-E4B0D84A9FAF.jpeg\" alt=\"\" width=\"740\" height=\"327\" srcset=\"https:\/\/hervelin.com\/blog\/wp-content\/uploads\/2018\/12\/88F3FE0F-2AAB-4492-9366-E4B0D84A9FAF.jpeg 740w, https:\/\/hervelin.com\/blog\/wp-content\/uploads\/2018\/12\/88F3FE0F-2AAB-4492-9366-E4B0D84A9FAF-300x133.jpeg 300w\" sizes=\"auto, (max-width: 740px) 100vw, 740px\" \/><\/a><\/p>\n<h1>V\u00e9hicules<\/h1>\n<h2 class=\"title target-text-3\"><span class=\"highlight\">TOYOTA LAND CRUISER\u00a0<\/span>GRJ79 DOUBLE CABINE GRIS BVA 6 VITESSES VX LIMITED TOUTES OPTIONS<\/h2>\n<h1><a href=\"https:\/\/hervelin.com\/blog\/wp-content\/uploads\/2025\/12\/GRJ79LX.png\"><img loading=\"lazy\" decoding=\"async\" class=\" wp-image-1085 alignnone\" src=\"https:\/\/hervelin.com\/blog\/wp-content\/uploads\/2025\/12\/GRJ79LX-1024x349.png\" alt=\"\" width=\"544\" height=\"186\" srcset=\"https:\/\/hervelin.com\/blog\/wp-content\/uploads\/2025\/12\/GRJ79LX-1024x349.png 1024w, https:\/\/hervelin.com\/blog\/wp-content\/uploads\/2025\/12\/GRJ79LX-300x102.png 300w, https:\/\/hervelin.com\/blog\/wp-content\/uploads\/2025\/12\/GRJ79LX-768x261.png 768w, https:\/\/hervelin.com\/blog\/wp-content\/uploads\/2025\/12\/GRJ79LX-1536x523.png 1536w, https:\/\/hervelin.com\/blog\/wp-content\/uploads\/2025\/12\/GRJ79LX.png 1692w\" sizes=\"auto, (max-width: 544px) 100vw, 544px\" \/><\/a><\/h1>\n<h1 style=\"text-align: left;\">&#8212;- D\u00e9ja dans la besace! &#8212;&#8212;-<\/h1>\n<p style=\"text-align: left;\">Beaucoup de choses \ud83d\ude09<\/p>\n<h1>Manille synth\u00e9tique<\/h1>\n<p><a href=\"https:\/\/hervelin.com\/blog\/wp-content\/uploads\/2023\/12\/IMG_3082.jpeg\"><img loading=\"lazy\" decoding=\"async\" class=\"size-medium wp-image-774 alignnone\" src=\"https:\/\/hervelin.com\/blog\/wp-content\/uploads\/2023\/12\/IMG_3082-300x237.jpeg\" alt=\"\" width=\"300\" height=\"237\" srcset=\"https:\/\/hervelin.com\/blog\/wp-content\/uploads\/2023\/12\/IMG_3082-300x237.jpeg 300w, https:\/\/hervelin.com\/blog\/wp-content\/uploads\/2023\/12\/IMG_3082-1024x810.jpeg 1024w, https:\/\/hervelin.com\/blog\/wp-content\/uploads\/2023\/12\/IMG_3082-768x608.jpeg 768w, https:\/\/hervelin.com\/blog\/wp-content\/uploads\/2023\/12\/IMG_3082.jpeg 1284w\" sizes=\"auto, (max-width: 300px) 100vw, 300px\" \/><\/a><\/p>\n<p style=\"text-align: left;\"><a href=\"http:\/\/NICECNC Rouge Anneau de r\u00e9cup\u00e9ration et Sangles de c\u00e2ble de treuil \u00e0 Manille Souple 66000 lbs Anneau de remorquage pour c\u00e2ble de treuil \u00e0 Manille Souple https:\/\/amzn.eu\/d\/8m5WD19\" target=\"_blank\" rel=\"noopener\">Kit manille et poulie Amazon 29,99\u20ac<\/a><\/p>\n<h1 style=\"text-align: left;\">Treuil 4&#215;4 5500-6000 kg (12000-13000lbs IP68 (immergeable)<\/h1>\n<h2>Platine support de treuil avant Land Cruiser J120<\/h2>\n<p><a href=\"https:\/\/hervelin.com\/blog\/wp-content\/uploads\/2023\/12\/More4x4_WinchPlate.png\"><img loading=\"lazy\" decoding=\"async\" class=\"wp-image-806 size-large alignnone\" src=\"https:\/\/hervelin.com\/blog\/wp-content\/uploads\/2023\/12\/More4x4_WinchPlate-1024x317.png\" alt=\"\" width=\"474\" height=\"147\" srcset=\"https:\/\/hervelin.com\/blog\/wp-content\/uploads\/2023\/12\/More4x4_WinchPlate-1024x317.png 1024w, https:\/\/hervelin.com\/blog\/wp-content\/uploads\/2023\/12\/More4x4_WinchPlate-300x93.png 300w, https:\/\/hervelin.com\/blog\/wp-content\/uploads\/2023\/12\/More4x4_WinchPlate-768x238.png 768w, https:\/\/hervelin.com\/blog\/wp-content\/uploads\/2023\/12\/More4x4_WinchPlate-1536x476.png 1536w, https:\/\/hervelin.com\/blog\/wp-content\/uploads\/2023\/12\/More4x4_WinchPlate.png 1558w\" sizes=\"auto, (max-width: 474px) 100vw, 474px\" \/><\/a><a href=\"https:\/\/www.sklep4x4.expedycja.pl\/plyty-montazowe\/8531-plyta-montazowa-wyciagarki-toyota-land-cruiser-j120.html\" target=\"_blank\" rel=\"noopener\">More4x4<\/a><\/p>\n<h1 class=\"product_name\">Jeu de 4 \u00e9largisseurs de voie HOFMANN<\/h1>\n<div class=\"product-information\">\n<div id=\"product-description-short-833\" class=\"product_desc\">\n<p>30 mm aluminium avec centreur de roue percage 6 X 139.7 pour TOYOTA Landcruiser 120<\/p>\n<\/div>\n<div class=\"product-actions\">\n<form id=\"add-to-cart-or-refresh\" action=\"https:\/\/suspensions4x4.fr\/fr\/panier\" method=\"post\">\n<div class=\"product-variants\">318,00 \u20ac TTC<\/div>\n<\/form>\n<\/div>\n<\/div>\n<figure id=\"attachment_721\" aria-describedby=\"caption-attachment-721\" style=\"width: 300px\" class=\"wp-caption alignnone\"><a href=\"https:\/\/hervelin.com\/blog\/wp-content\/uploads\/2023\/06\/IMG_2106.jpeg\"><img loading=\"lazy\" decoding=\"async\" class=\"wp-image-721 size-medium\" src=\"https:\/\/hervelin.com\/blog\/wp-content\/uploads\/2023\/06\/IMG_2106-300x300.jpeg\" alt=\"\" width=\"300\" height=\"300\" srcset=\"https:\/\/hervelin.com\/blog\/wp-content\/uploads\/2023\/06\/IMG_2106-300x300.jpeg 300w, https:\/\/hervelin.com\/blog\/wp-content\/uploads\/2023\/06\/IMG_2106-150x150.jpeg 150w, https:\/\/hervelin.com\/blog\/wp-content\/uploads\/2023\/06\/IMG_2106.jpeg 458w\" sizes=\"auto, (max-width: 300px) 100vw, 300px\" \/><\/a><figcaption id=\"caption-attachment-721\" class=\"wp-caption-text\">I confirm these are great manufacturing, with no soft balance on the wheels &#8230;<\/figcaption><\/figure>\n<h1 style=\"text-align: left;\">Protections de chassis Land Cruiser<\/h1>\n<pre>\/!\\ <a href=\"https:\/\/www.more4x4.pl\/produkt\/440\/zestaw-aluminiowych-oslon-podwozia-more-4x4-toyota-land-cruiser-j120\" target=\"_blank\" rel=\"noopener\">More Offroad<\/a> via mon amie Kath'oo FISTER\r\n<a href=\"https:\/\/hervelin.com\/blog\/wp-content\/uploads\/2023\/10\/More_BlindageJ120.jpg\"><img loading=\"lazy\" decoding=\"async\" class=\"wp-image-757 size-large alignnone\" src=\"https:\/\/hervelin.com\/blog\/wp-content\/uploads\/2023\/10\/More_BlindageJ120-1024x996.jpg\" alt=\"\" width=\"474\" height=\"461\" srcset=\"https:\/\/hervelin.com\/blog\/wp-content\/uploads\/2023\/10\/More_BlindageJ120-1024x996.jpg 1024w, https:\/\/hervelin.com\/blog\/wp-content\/uploads\/2023\/10\/More_BlindageJ120-300x292.jpg 300w, https:\/\/hervelin.com\/blog\/wp-content\/uploads\/2023\/10\/More_BlindageJ120-768x747.jpg 768w, https:\/\/hervelin.com\/blog\/wp-content\/uploads\/2023\/10\/More_BlindageJ120-1536x1494.jpg 1536w, https:\/\/hervelin.com\/blog\/wp-content\/uploads\/2023\/10\/More_BlindageJ120.jpg 2048w\" sizes=\"auto, (max-width: 474px) 100vw, 474px\" \/><\/a>\r\n<a href=\"https:\/\/hervelin.com\/blog\/wp-content\/uploads\/2023\/12\/More4x4_SkidPlates.png\"><img loading=\"lazy\" decoding=\"async\" class=\"size-large wp-image-807 alignnone\" src=\"https:\/\/hervelin.com\/blog\/wp-content\/uploads\/2023\/12\/More4x4_SkidPlates-1024x305.png\" alt=\"\" width=\"474\" height=\"141\" srcset=\"https:\/\/hervelin.com\/blog\/wp-content\/uploads\/2023\/12\/More4x4_SkidPlates-1024x305.png 1024w, https:\/\/hervelin.com\/blog\/wp-content\/uploads\/2023\/12\/More4x4_SkidPlates-300x89.png 300w, https:\/\/hervelin.com\/blog\/wp-content\/uploads\/2023\/12\/More4x4_SkidPlates-768x229.png 768w, https:\/\/hervelin.com\/blog\/wp-content\/uploads\/2023\/12\/More4x4_SkidPlates-1536x457.png 1536w, https:\/\/hervelin.com\/blog\/wp-content\/uploads\/2023\/12\/More4x4_SkidPlates.png 1596w\" sizes=\"auto, (max-width: 474px) 100vw, 474px\" \/><\/a><\/pre>\n<p>&nbsp;<\/p>\n","protected":false},"excerpt":{"rendered":"<p>Sangle de remorquage \u00e0 inertie STICKERS Un sticker noir pour le capot de mon 4&#215;4 (genre jeep cherokee ou compass trailhawk) Un kit stickers d\u00e9co lat\u00e9rale pour mon 4&#215;4 dans le th\u00e8me \u00ab mud spils \u00bb \u00ab confederated rebel \u00bb. \u00ab western \u00bb \u00ab toyota racing development TX \u00bb V\u00e9hicules TOYOTA LAND CRUISER\u00a0GRJ79 DOUBLE CABINE &hellip; <a href=\"https:\/\/hervelin.com\/blog\/bucketlist\/automobile\" class=\"more-link\">Continue reading <span class=\"screen-reader-text\">Automobile<\/span> <span class=\"meta-nav\">&rarr;<\/span><\/a><\/p>\n","protected":false},"author":2,"featured_media":0,"parent":51,"menu_order":0,"comment_status":"closed","ping_status":"closed","template":"","meta":{"footnotes":""},"class_list":["post-292","page","type-page","status-publish","hentry"],"_links":{"self":[{"href":"https:\/\/hervelin.com\/blog\/wp-json\/wp\/v2\/pages\/292","targetHints":{"allow":["GET"]}}],"collection":[{"href":"https:\/\/hervelin.com\/blog\/wp-json\/wp\/v2\/pages"}],"about":[{"href":"https:\/\/hervelin.com\/blog\/wp-json\/wp\/v2\/types\/page"}],"author":[{"embeddable":true,"href":"https:\/\/hervelin.com\/blog\/wp-json\/wp\/v2\/users\/2"}],"replies":[{"embeddable":true,"href":"https:\/\/hervelin.com\/blog\/wp-json\/wp\/v2\/comments?post=292"}],"version-history":[{"count":38,"href":"https:\/\/hervelin.com\/blog\/wp-json\/wp\/v2\/pages\/292\/revisions"}],"predecessor-version":[{"id":1086,"href":"https:\/\/hervelin.com\/blog\/wp-json\/wp\/v2\/pages\/292\/revisions\/1086"}],"up":[{"embeddable":true,"href":"https:\/\/hervelin.com\/blog\/wp-json\/wp\/v2\/pages\/51"}],"wp:attachment":[{"href":"https:\/\/hervelin.com\/blog\/wp-json\/wp\/v2\/media?parent=292"}],"curies":[{"name":"wp","href":"https:\/\/api.w.org\/{rel}","templated":true}]}}