{"id":181,"date":"2018-09-30T15:00:37","date_gmt":"2018-09-30T13:00:37","guid":{"rendered":"http:\/\/hervelin.com\/blog\/?page_id=181"},"modified":"2024-08-28T18:07:35","modified_gmt":"2024-08-28T16:07:35","slug":"tech","status":"publish","type":"page","link":"https:\/\/hervelin.com\/blog\/tech","title":{"rendered":"Tech"},"content":{"rendered":"<h1>ISP performances @home<\/h1>\n<h2>September 30, 2018 &#8211; 14:50pm CEsT speed test from Magny le Hongre same pop address, using NPERF.COM:<\/h2>\n<p>&nbsp;<\/p>\n<h2><span style=\"color: #ff0000;\">SFR Cable<\/span><\/h2>\n<p><a href=\"https:\/\/hervelin.com\/blog\/wp-content\/uploads\/2018\/09\/NPerf_SFR_30SEP2018.jpg\"><img loading=\"lazy\" decoding=\"async\" class=\"alignnone size-full wp-image-179\" src=\"https:\/\/hervelin.com\/blog\/wp-content\/uploads\/2018\/09\/NPerf_SFR_30SEP2018.jpg\" alt=\"\" width=\"540\" height=\"281\" srcset=\"https:\/\/hervelin.com\/blog\/wp-content\/uploads\/2018\/09\/NPerf_SFR_30SEP2018.jpg 540w, https:\/\/hervelin.com\/blog\/wp-content\/uploads\/2018\/09\/NPerf_SFR_30SEP2018-300x156.jpg 300w\" sizes=\"auto, (max-width: 540px) 100vw, 540px\" \/><\/a><\/p>\n<h2><span style=\"color: #ff6600;\">Orange FTTH<\/span><\/h2>\n<p><a href=\"https:\/\/hervelin.com\/blog\/wp-content\/uploads\/2018\/09\/NPerf_Orange_30SEP2018.jpg\"><img loading=\"lazy\" decoding=\"async\" class=\"alignnone size-full wp-image-180\" src=\"https:\/\/hervelin.com\/blog\/wp-content\/uploads\/2018\/09\/NPerf_Orange_30SEP2018.jpg\" alt=\"\" width=\"540\" height=\"281\" srcset=\"https:\/\/hervelin.com\/blog\/wp-content\/uploads\/2018\/09\/NPerf_Orange_30SEP2018.jpg 540w, https:\/\/hervelin.com\/blog\/wp-content\/uploads\/2018\/09\/NPerf_Orange_30SEP2018-300x156.jpg 300w\" sizes=\"auto, (max-width: 540px) 100vw, 540px\" \/>Orange is definitely better than SFR &#8230;<\/a><\/p>\n<h1 style=\"text-align: left;\">Flouter un lieu sur les images satellite Google:<\/h1>\n<p>1. Acc\u00e9der \u00e0 <a href=\"https:\/\/www.google.com\/maps\/\" rel=\"noopener noreferrer nofollow\">Google Maps<\/a>.<\/p>\n<p>2. Saisir l\u2019adresse du lieu \u00e0 flouter.<\/p>\n<p>3. Cliquer sur l&#8217;image de lieu pour y centrer l\u2019\u00e9cran.<\/p>\n<p>4. Regarder dans le coin inf\u00e9rieur droit de l&#8217;\u00e9cran et cliquer sur \u00ab Signaler un probl\u00e8me \u00bb.<\/p>\n<p>5. Faire\u00a0glisser l&#8217;image et effectuer un zoom avant ou arri\u00e8re jusqu&#8217;\u00e0 ce que le lieu \u00e0 flouter se trouve dans la zone rouge.<\/p>\n<p>6. Dans l\u2019option \u00ab Demande de floutage \u00bb, s\u00e9lectionner le type de lieux (ex: \u00a0\u00ab Ma maison \u00bb.)<\/p>\n<p>7. Fournir la justification de demande de floutage.<\/p>\n<p>8. Saisir votre adresse e-mail, cliquer sur le bouton de \u00a0v\u00e9rification \u00ab anti bot \u00bb pour soumettre la demande.<\/p>\n<p>9. Quelques jours plus tard v\u00e9rifier que le lieu \u00a0a bien \u00e9t\u00e9 flout\u00e9.<\/p>\n<p>&nbsp;<\/p>\n","protected":false},"excerpt":{"rendered":"<p>ISP performances @home September 30, 2018 &#8211; 14:50pm CEsT speed test from Magny le Hongre same pop address, using NPERF.COM: &nbsp; SFR Cable Orange FTTH Orange is definitely better than SFR &#8230; Flouter un lieu sur les images satellite Google: 1. Acc\u00e9der \u00e0 Google Maps. 2. Saisir l\u2019adresse du lieu \u00e0 flouter. 3. Cliquer sur &hellip; <a href=\"https:\/\/hervelin.com\/blog\/tech\" class=\"more-link\">Continue reading <span class=\"screen-reader-text\">Tech<\/span> <span class=\"meta-nav\">&rarr;<\/span><\/a><\/p>\n","protected":false},"author":2,"featured_media":0,"parent":0,"menu_order":0,"comment_status":"closed","ping_status":"closed","template":"","meta":{"footnotes":""},"class_list":["post-181","page","type-page","status-publish","hentry"],"_links":{"self":[{"href":"https:\/\/hervelin.com\/blog\/wp-json\/wp\/v2\/pages\/181","targetHints":{"allow":["GET"]}}],"collection":[{"href":"https:\/\/hervelin.com\/blog\/wp-json\/wp\/v2\/pages"}],"about":[{"href":"https:\/\/hervelin.com\/blog\/wp-json\/wp\/v2\/types\/page"}],"author":[{"embeddable":true,"href":"https:\/\/hervelin.com\/blog\/wp-json\/wp\/v2\/users\/2"}],"replies":[{"embeddable":true,"href":"https:\/\/hervelin.com\/blog\/wp-json\/wp\/v2\/comments?post=181"}],"version-history":[{"count":6,"href":"https:\/\/hervelin.com\/blog\/wp-json\/wp\/v2\/pages\/181\/revisions"}],"predecessor-version":[{"id":535,"href":"https:\/\/hervelin.com\/blog\/wp-json\/wp\/v2\/pages\/181\/revisions\/535"}],"wp:attachment":[{"href":"https:\/\/hervelin.com\/blog\/wp-json\/wp\/v2\/media?parent=181"}],"curies":[{"name":"wp","href":"https:\/\/api.w.org\/{rel}","templated":true}]}}