{"id":157,"date":"2018-07-30T13:14:14","date_gmt":"2018-07-30T12:14:14","guid":{"rendered":"http:\/\/hervelin.com\/blog\/?page_id=157"},"modified":"2021-01-01T23:41:12","modified_gmt":"2021-01-01T21:41:12","slug":"white-papers","status":"publish","type":"page","link":"https:\/\/hervelin.com\/blog\/business\/white-papers","title":{"rendered":"White papers"},"content":{"rendered":"<ul>\n<li>R\u00e8glementation G\u00e9n\u00e9rale Protection des Donn\u00e9es (RGDP\/GDPR):<\/li>\n<\/ul>\n<p><a href=\"https:\/\/hervelin.com\/blog\/wp-content\/uploads\/2018\/07\/GDPR_ByHLIN.pptx\">La RGPD en quelques diapositives et moins de 5 minutes !<\/a><\/p>\n<ul>\n<li>Sch\u00e9ma d&#8217;architecture d&#8217;h\u00e9bergement d&#8217;un syst\u00e8mes d&#8217;information critique expos\u00e9 \u00e0 Internet:<\/li>\n<\/ul>\n<figure id=\"attachment_159\" aria-describedby=\"caption-attachment-159\" style=\"width: 1280px\" class=\"wp-caption alignnone\"><a href=\"https:\/\/hervelin.com\/blog\/wp-content\/uploads\/2018\/07\/CriticalBusiness_IS-HostingDesign.png\" target=\"_blank\" rel=\"noopener\"><img loading=\"lazy\" decoding=\"async\" class=\"wp-image-159 size-full\" src=\"https:\/\/hervelin.com\/blog\/wp-content\/uploads\/2018\/07\/CriticalBusiness_IS-HostingDesign.png\" alt=\"\" width=\"1280\" height=\"720\" srcset=\"https:\/\/hervelin.com\/blog\/wp-content\/uploads\/2018\/07\/CriticalBusiness_IS-HostingDesign.png 1280w, https:\/\/hervelin.com\/blog\/wp-content\/uploads\/2018\/07\/CriticalBusiness_IS-HostingDesign-300x169.png 300w, https:\/\/hervelin.com\/blog\/wp-content\/uploads\/2018\/07\/CriticalBusiness_IS-HostingDesign-768x432.png 768w, https:\/\/hervelin.com\/blog\/wp-content\/uploads\/2018\/07\/CriticalBusiness_IS-HostingDesign-1024x576.png 1024w\" sizes=\"auto, (max-width: 1280px) 100vw, 1280px\" \/><\/a><figcaption id=\"caption-attachment-159\" class=\"wp-caption-text\">Sch\u00e9ma type Infrastructure Cloud &#8211; Les connexions priv\u00e9es vers les Cloud Service Providers et autres acteurs num\u00e9riques sont effectu\u00e9es depuis le coeur de r\u00e9seau avec la solution Equinix FABRIC (<a href=\"https:\/\/www.equinix.com\">https:\/\/www.equinix.com)<\/a><\/figcaption><\/figure>\n","protected":false},"excerpt":{"rendered":"<p>R\u00e8glementation G\u00e9n\u00e9rale Protection des Donn\u00e9es (RGDP\/GDPR): La RGPD en quelques diapositives et moins de 5 minutes ! Sch\u00e9ma d&#8217;architecture d&#8217;h\u00e9bergement d&#8217;un syst\u00e8mes d&#8217;information critique expos\u00e9 \u00e0 Internet:<\/p>\n","protected":false},"author":2,"featured_media":163,"parent":151,"menu_order":0,"comment_status":"closed","ping_status":"closed","template":"","meta":{"footnotes":""},"class_list":["post-157","page","type-page","status-publish","has-post-thumbnail","hentry"],"_links":{"self":[{"href":"https:\/\/hervelin.com\/blog\/wp-json\/wp\/v2\/pages\/157","targetHints":{"allow":["GET"]}}],"collection":[{"href":"https:\/\/hervelin.com\/blog\/wp-json\/wp\/v2\/pages"}],"about":[{"href":"https:\/\/hervelin.com\/blog\/wp-json\/wp\/v2\/types\/page"}],"author":[{"embeddable":true,"href":"https:\/\/hervelin.com\/blog\/wp-json\/wp\/v2\/users\/2"}],"replies":[{"embeddable":true,"href":"https:\/\/hervelin.com\/blog\/wp-json\/wp\/v2\/comments?post=157"}],"version-history":[{"count":8,"href":"https:\/\/hervelin.com\/blog\/wp-json\/wp\/v2\/pages\/157\/revisions"}],"predecessor-version":[{"id":418,"href":"https:\/\/hervelin.com\/blog\/wp-json\/wp\/v2\/pages\/157\/revisions\/418"}],"up":[{"embeddable":true,"href":"https:\/\/hervelin.com\/blog\/wp-json\/wp\/v2\/pages\/151"}],"wp:featuredmedia":[{"embeddable":true,"href":"https:\/\/hervelin.com\/blog\/wp-json\/wp\/v2\/media\/163"}],"wp:attachment":[{"href":"https:\/\/hervelin.com\/blog\/wp-json\/wp\/v2\/media?parent=157"}],"curies":[{"name":"wp","href":"https:\/\/api.w.org\/{rel}","templated":true}]}}