{"id":1048,"date":"2025-04-13T14:31:11","date_gmt":"2025-04-13T12:31:11","guid":{"rendered":"https:\/\/hervelin.com\/blog\/?page_id=1048"},"modified":"2025-04-13T21:26:28","modified_gmt":"2025-04-13T19:26:28","slug":"grj120-stock-suspension-removal-details","status":"publish","type":"page","link":"https:\/\/hervelin.com\/blog\/auto-moto\/toyota-land-cruiser-j12\/grj120-stock-suspension-removal-details","title":{"rendered":"GRJ120 Stock Air suspension removal details"},"content":{"rendered":"<h1>How to revert to a classic suspension and get rid of the TEMS?<\/h1>\n<p>To disable the pneumatic suspension system of your Toyota Land Cruiser Prado 120, here are the general steps:<\/p>\n<h2>Mecanical part:<\/h2>\n<p>1. **Disconnect the battery**: This prevents electrical risks and ensures safe working conditions[1].<\/p>\n<p>2. **Disconnect the air lines**: Release the pressure from the pneumatic system to avoid dangerous projections[1].<\/p>\n<p>3. **Remove pneumatic components**: This includes air cushions, the compressor, and level sensors[4][7].<\/p>\n<p>4. **Install a traditional system**: Replace with coil springs and conventional shock absorbers, which are more reliable over time and suitable for off-road use[7].<\/p>\n<p>5. **Verification and adjustment**: Check wheel alignment and ensure the new system is functioning properly[5].<\/p>\n<p>These modifications should be carried out by a professional to ensure compliance and avoid insurance or safety issues.<\/p>\n<p>Sources<br \/>\n[1] DIY Grande 120 OEM Airbag replacement &#8211; Toyota Prado Forums <a href=\"https:\/\/www.pradopoint.com.au\/forum\/-120-series-discussion-only\/suspension-120-series\/21309-diy-grande-120-oem-airbag-replacement\" target=\"_blank\" rel=\"noopener\">https:\/\/www.pradopoint.com.au\/forum\/-120-series-discussion-only\/suspension-120-series\/21309-diy-grande-120-oem-airbag-replacement<\/a><br \/>\n[2] Ressort Pneumatique Toyota Land Cruiser Prado 120 (J120) Arri\u00e8re &#8230;\u00a0<a href=\"https:\/\/aerosus.fr\/toyota\/land-cruiser\/land-cruiser-prado-120-j120\/ressort-pneumatique-toyota-land-cruiser-prado-120-j120-arriere-gauche.html\" target=\"_blank\" rel=\"noopener\">https:\/\/aerosus.fr\/toyota\/land-cruiser\/land-cruiser-prado-120-j120\/ressort-pneumatique-toyota-land-cruiser-prado-120-j120-arriere-gauche.html<\/a><br \/>\n[3] stats_fr.txt <a href=\"https:\/\/svn.spraakdata.gu.se\/clt\/naacl\/2015\/extract\/data\/wikipedia\/stats_fr.txt\" target=\"_blank\" rel=\"noopener\">https:\/\/svn.spraakdata.gu.se\/clt\/naacl\/2015\/extract\/data\/wikipedia\/stats_fr.txt<\/a><br \/>\n[4] [PDF] Toyota 120 Series Prado Grande &#8211; RoughTrax 4&#215;4<a href=\"https:\/\/www.roughtrax4x4.com\/media\/wysiwyg\/PDF\/120_Series_Land_Cruiser_How_to_turn_off_dash_lights_after_removing_AHC.pdf\" target=\"_blank\" rel=\"noopener\">https:\/\/www.roughtrax4x4.com\/media\/wysiwyg\/PDF\/120_Series_Land_Cruiser_How_to_turn_off_dash_lights_after_removing_AHC.pdf<\/a><br \/>\n[5] Suspension pneumatique Toyota Prado J120 | prix &amp; co\u00fbt en \u00a0ligne <a href=\"https:\/\/www.piecesauto24.com\/accessoires-suspension-pneumatique\/toyota\/land-cruiser-kdj12-grj12\" target=\"_blank\" rel=\"noopener\">https:\/\/www.piecesauto24.com\/accessoires-suspension-pneumatique\/toyota\/land-cruiser-kdj12-grj12<\/a><br \/>\n[6] La tribune, jeudi 8 f\u00e9vrier 1979 &#8211; BAnQ numerique <a href=\"https:\/\/numerique.banq.qc.ca\/patrimoine\/details\/52327\/3682717\" target=\"_blank\" rel=\"noopener\">https:\/\/numerique.banq.qc.ca\/patrimoine\/details\/52327\/3682717<\/a><br \/>\n[7] Toyota prado 120 &amp; 150 rear suspension remove &amp; replace &#8211; YouTube <a href=\"https:\/\/www.youtube.com\/watch?v=hyrJEr3VhJo\" target=\"_blank\" rel=\"noopener\">https:\/\/www.youtube.com\/watch?v=hyrJEr3VhJo<\/a><br \/>\n[8] Comment r\u00e9soudre les probl\u00e8mes li\u00e9s aux amortisseurs de mon 120&#8230; <a href=\"https:\/\/aerosus.fr\/blog\/article\/how-to-fix-your-land-cruiser-prado-j120-tems-shock-issues\" target=\"_blank\" rel=\"noopener\">https:\/\/aerosus.fr\/blog\/article\/how-to-fix-your-land-cruiser-prado-j120-tems-shock-issues<\/a><br \/>\n[9] Suspension pneumatique Toyota Prado J120 3.0 D-4D 173 CV &#8230; <a href=\"https:\/\/www.auto-doc.fr\/pieces-detachees\/ressort-pneumatique-15148\/toyota\/land-cruiser\/land-cruiser-kdj12-grj12\/22697-3-0-d-4d-kdj120-kdj125-kdj121\" target=\"_blank\" rel=\"noopener\">https:\/\/www.auto-doc.fr\/pieces-detachees\/ressort-pneumatique-15148\/toyota\/land-cruiser\/land-cruiser-kdj12-grj12\/22697-3-0-d-4d-kdj120-kdj125-kdj121<\/a><\/p>\n<h2>Electrical part:<\/h2>\n<p>To disable the electrical side of the pneumatic suspension system on a Toyota Land Cruiser Prado 120 after conversion to conventional springs, follow these steps:<\/p>\n<p>1. **Disconnect the Suspension Control Unit**: Locate the silver-colored suspension control unit near the powertrain control module. Disconnect the rearward connector to prevent the system from attempting to operate[4].<\/p>\n<p>2. **Remove Related Fuses and Relays**: Identify and remove the air suspension relay and associated fuses under the bonnet to cut power to the system completely[7].<\/p>\n<p>3. **Address Dashboard Error Lights**: If warning lights appear after disabling the system, unplugging specific modules (e.g., height control module) can resolve blinking lights on the dashboard[5].<\/p>\n<p>4. **Secure Unused Wiring**: Insulate or remove unused wires to prevent short circuits or interference with other systems[4][7].<\/p>\n<p>These steps ensure a clean electrical disconnection while maintaining vehicle functionality.<\/p>\n<p>Sources<br \/>\n[1] Prado 120 &#8211; switching off traction control (TRC) &#8211; 4&#215;4 Community <a href=\"https:\/\/www.4x4community.co.za\/forum\/showthread.php\/323345-Prado-120-switching-off-traction-control-(TRC)\" target=\"_blank\" rel=\"noopener\">https:\/\/www.4x4community.co.za\/forum\/showthread.php\/323345-Prado-120-switching-off-traction-control-(TRC)<\/a><br \/>\n[2] Stabilizer with Disconnection Mechanism (SDM) | Toyota &#8211; YouTube <a href=\"https:\/\/www.youtube.com\/watch?v=9P6SLEuYVRk\" target=\"_blank\" rel=\"noopener\">https:\/\/www.youtube.com\/watch?v=9P6SLEuYVRk<\/a><br \/>\n[3] How to wire compressors for your Air Bag Suspension &#8211; YouTube <a href=\"https:\/\/www.roughtrax4x4.com\/media\/wysiwyg\/PDF\/120_Series_Land_Cruiser_How_to_turn_off_dash_lights_after_removing_AHC.pdf\" target=\"_blank\" rel=\"noopener\">https:\/\/www.roughtrax4x4.com\/media\/wysiwyg\/PDF\/120_Series_Land_Cruiser_How_to_turn_off_dash_lights_after_removing_AHC.pdf<\/a><br \/>\n[5] How to Get Rid of Air Suspension Blinking Light | Toyota Sequoia <a href=\"https:\/\/www.youtube.com\/watch?v=8ARh7WjRGbI\" target=\"_blank\" rel=\"noopener\">https:\/\/www.youtube.com\/watch?v=8ARh7WjRGbI<\/a><br \/>\n[6] How to fix a common air ride problem. Easy fix if you have a fuse that &#8230; <a href=\"https:\/\/www.youtube.com\/watch?v=OBSHkV6yTxw\" target=\"_blank\" rel=\"noopener\">https:\/\/www.youtube.com\/watch?v=OBSHkV6yTxw<\/a><br \/>\n[7] Q &#8211; Air Suspension Relay under bonnet &#8211; Toyota Prado Forums<a href=\"https:\/\/www.pradopoint.com.au\/forum\/-120-series-discussion-only\/electrical-120-series\/3998-q-air-suspension-relay-under-bonnet\" target=\"_blank\" rel=\"noopener\">https:\/\/www.pradopoint.com.au\/forum\/-120-series-discussion-only\/electrical-120-series\/3998-q-air-suspension-relay-under-bonnet<\/a><br \/>\n[8] Air suspension controller &#8211; Toyota100: The Toyota Century Forum <a href=\"https:\/\/toyota100.com\/viewtopic.php?t=1686\" target=\"_blank\" rel=\"noopener\">https:\/\/toyota100.com\/viewtopic.php?t=1686<\/a><\/p>\n<h1 style=\"text-align: left;\">Rear Eibach springs details after 60000km<\/h1>\n<pre style=\"text-align: left;\">Sorry for the dirt \u2026 this one is off roading <a href=\"https:\/\/hervelin.com\/blog\/wp-content\/uploads\/2025\/04\/IMG_5808-scaled.jpeg\">\r\n<img loading=\"lazy\" decoding=\"async\" class=\"alignleft size-large wp-image-1049\" src=\"https:\/\/hervelin.com\/blog\/wp-content\/uploads\/2025\/04\/IMG_5808-768x1024.jpeg\" alt=\"\" width=\"474\" height=\"632\" srcset=\"https:\/\/hervelin.com\/blog\/wp-content\/uploads\/2025\/04\/IMG_5808-768x1024.jpeg 768w, https:\/\/hervelin.com\/blog\/wp-content\/uploads\/2025\/04\/IMG_5808-225x300.jpeg 225w, https:\/\/hervelin.com\/blog\/wp-content\/uploads\/2025\/04\/IMG_5808-1152x1536.jpeg 1152w, https:\/\/hervelin.com\/blog\/wp-content\/uploads\/2025\/04\/IMG_5808-1536x2048.jpeg 1536w, https:\/\/hervelin.com\/blog\/wp-content\/uploads\/2025\/04\/IMG_5808-scaled.jpeg 1920w\" sizes=\"auto, (max-width: 474px) 100vw, 474px\" \/><\/a> <a href=\"https:\/\/hervelin.com\/blog\/wp-content\/uploads\/2025\/04\/IMG_5807-scaled.jpeg\"><img loading=\"lazy\" decoding=\"async\" class=\"alignleft size-large wp-image-1050\" src=\"https:\/\/hervelin.com\/blog\/wp-content\/uploads\/2025\/04\/IMG_5807-768x1024.jpeg\" alt=\"\" width=\"474\" height=\"632\" srcset=\"https:\/\/hervelin.com\/blog\/wp-content\/uploads\/2025\/04\/IMG_5807-768x1024.jpeg 768w, https:\/\/hervelin.com\/blog\/wp-content\/uploads\/2025\/04\/IMG_5807-225x300.jpeg 225w, https:\/\/hervelin.com\/blog\/wp-content\/uploads\/2025\/04\/IMG_5807-1152x1536.jpeg 1152w, https:\/\/hervelin.com\/blog\/wp-content\/uploads\/2025\/04\/IMG_5807-1536x2048.jpeg 1536w, https:\/\/hervelin.com\/blog\/wp-content\/uploads\/2025\/04\/IMG_5807-scaled.jpeg 1920w\" sizes=\"auto, (max-width: 474px) 100vw, 474px\" \/><\/a> <a href=\"https:\/\/hervelin.com\/blog\/wp-content\/uploads\/2025\/04\/IMG_5806-scaled.jpeg\"><img loading=\"lazy\" decoding=\"async\" class=\"alignleft size-large wp-image-1051\" src=\"https:\/\/hervelin.com\/blog\/wp-content\/uploads\/2025\/04\/IMG_5806-768x1024.jpeg\" alt=\"\" width=\"474\" height=\"632\" srcset=\"https:\/\/hervelin.com\/blog\/wp-content\/uploads\/2025\/04\/IMG_5806-768x1024.jpeg 768w, https:\/\/hervelin.com\/blog\/wp-content\/uploads\/2025\/04\/IMG_5806-225x300.jpeg 225w, https:\/\/hervelin.com\/blog\/wp-content\/uploads\/2025\/04\/IMG_5806-1152x1536.jpeg 1152w, https:\/\/hervelin.com\/blog\/wp-content\/uploads\/2025\/04\/IMG_5806-1536x2048.jpeg 1536w, https:\/\/hervelin.com\/blog\/wp-content\/uploads\/2025\/04\/IMG_5806-scaled.jpeg 1920w\" sizes=\"auto, (max-width: 474px) 100vw, 474px\" \/><\/a> <a href=\"https:\/\/hervelin.com\/blog\/wp-content\/uploads\/2025\/04\/IMG_5805-scaled.jpeg\"><img loading=\"lazy\" decoding=\"async\" class=\"alignleft size-large wp-image-1052\" src=\"https:\/\/hervelin.com\/blog\/wp-content\/uploads\/2025\/04\/IMG_5805-768x1024.jpeg\" alt=\"\" width=\"474\" height=\"632\" srcset=\"https:\/\/hervelin.com\/blog\/wp-content\/uploads\/2025\/04\/IMG_5805-768x1024.jpeg 768w, https:\/\/hervelin.com\/blog\/wp-content\/uploads\/2025\/04\/IMG_5805-225x300.jpeg 225w, https:\/\/hervelin.com\/blog\/wp-content\/uploads\/2025\/04\/IMG_5805-1152x1536.jpeg 1152w, https:\/\/hervelin.com\/blog\/wp-content\/uploads\/2025\/04\/IMG_5805-1536x2048.jpeg 1536w, https:\/\/hervelin.com\/blog\/wp-content\/uploads\/2025\/04\/IMG_5805-scaled.jpeg 1920w\" sizes=\"auto, (max-width: 474px) 100vw, 474px\" \/><\/a><\/pre>\n<p>Pour condamner la partie \u00e9lectrique du syst\u00e8me de suspension pneumatique sur un Toyota Land Cruiser Prado 120, voici les \u00e9tapes g\u00e9n\u00e9rales \u00e0 suivre :<\/p>\n<p>1. **D\u00e9connecter le module de commande** : Identifiez et d\u00e9branchez l&#8217;appareil de commande de la suspension pneumatique. Cela emp\u00eache le syst\u00e8me de tenter d&#8217;activer des composants inutiles[7].<\/p>\n<p>2. **Isoler les relais et fusibles** : Retirez les fusibles et relais associ\u00e9s au compresseur et au syst\u00e8me pneumatique pour \u00e9viter tout fonctionnement accidentel ou court-circuit[1].<\/p>\n<p>3. **V\u00e9rifier les codes d&#8217;erreur** : Si le v\u00e9hicule affiche des codes d&#8217;erreur apr\u00e8s la d\u00e9sactivation, envisagez de reprogrammer l&#8217;ECU pour supprimer les alertes li\u00e9es \u00e0 la suspension.<\/p>\n<p>4. **S\u00e9curiser les c\u00e2bles** : Isolez ou retirez les c\u00e2bles inutilis\u00e9s pour \u00e9viter tout risque de court-circuit ou d&#8217;interf\u00e9rence avec d&#8217;autres syst\u00e8mes \u00e9lectriques.<\/p>\n<p>Ces op\u00e9rations doivent \u00eatre r\u00e9alis\u00e9es avec soin ou confi\u00e9es \u00e0 un professionnel qualifi\u00e9 pour garantir la s\u00e9curit\u00e9 et le bon fonctionnement global du v\u00e9hicule.<\/p>\n<p>Sources<br \/>\n[1] Compresseur Suspension Toyota Land Cruiser Prado 120 (J120) https:\/\/aerosus.fr\/toyota\/land-cruiser\/land-cruiser-prado-120-j120\/compresseur-suspension-toyota-land-cruiser-prado-120-j120.html<br \/>\n[2] Comment r\u00e9soudre les probl\u00e8mes li\u00e9s aux amortisseurs de mon &#8230; https:\/\/aerosus.fr\/blog\/article\/how-to-fix-your-land-cruiser-prado-j120-tems-shock-issues<br \/>\n[3] Suspension pneumatique Toyota Prado J120 3.0 D-4D 173 CV &#8230; https:\/\/www.auto-doc.fr\/pieces-detachees\/ressort-pneumatique-15148\/toyota\/land-cruiser\/land-cruiser-kdj12-grj12\/22697-3-0-d-4d-kdj120-kdj125-kdj121<br \/>\n[4] Kit de conversion de suspension pneumatique pour la s\u00e9rie Toyota &#8230; https:\/\/www.accessoires4x4-store.com\/pedders\/4024-kit-de-conversion-de-suspension-pneumatique-pour-la-serie-toyota-lc5-prado-landcruiser-120<br \/>\n[5] KDJ 120 et suspensions pneumatiques &#8211; Forum 4&#215;4 https:\/\/www.forum4x4.org\/viewtopic.php?t=165885<br \/>\n[6] Suspension pneumatique et Land cruiser &#8211; Forum Auto &#8211; Caradisiac https:\/\/forum-auto.caradisiac.com\/topic\/114644-suspension-pneumatique-et-land-cruiser\/<br \/>\n[7] Appareil de commande, suspension pneumatique pour Toyota &#8230; https:\/\/alvadi.lu\/pieces-detachees\/toyota\/land-cruiser-fj120-2003\/appareil-de-commande-suspension-pneumatique\/<br \/>\n[8] Strong kit de suspension pour toyota land cruiser &#8211; Alibaba.com https:\/\/french.alibaba.com\/g\/suspension-kit-for-toyota-land-cruiser.html<\/p>\n","protected":false},"excerpt":{"rendered":"<p>How to revert to a classic suspension and get rid of the TEMS? To disable the pneumatic suspension system of your Toyota Land Cruiser Prado 120, here are the general steps: Mecanical part: 1. **Disconnect the battery**: This prevents electrical risks and ensures safe working conditions[1]. 2. **Disconnect the air lines**: Release the pressure from &hellip; <a href=\"https:\/\/hervelin.com\/blog\/auto-moto\/toyota-land-cruiser-j12\/grj120-stock-suspension-removal-details\" class=\"more-link\">Continue reading <span class=\"screen-reader-text\">GRJ120 Stock Air suspension removal details<\/span> <span class=\"meta-nav\">&rarr;<\/span><\/a><\/p>\n","protected":false},"author":2,"featured_media":0,"parent":397,"menu_order":9,"comment_status":"closed","ping_status":"closed","template":"","meta":{"footnotes":""},"class_list":["post-1048","page","type-page","status-publish","hentry"],"_links":{"self":[{"href":"https:\/\/hervelin.com\/blog\/wp-json\/wp\/v2\/pages\/1048","targetHints":{"allow":["GET"]}}],"collection":[{"href":"https:\/\/hervelin.com\/blog\/wp-json\/wp\/v2\/pages"}],"about":[{"href":"https:\/\/hervelin.com\/blog\/wp-json\/wp\/v2\/types\/page"}],"author":[{"embeddable":true,"href":"https:\/\/hervelin.com\/blog\/wp-json\/wp\/v2\/users\/2"}],"replies":[{"embeddable":true,"href":"https:\/\/hervelin.com\/blog\/wp-json\/wp\/v2\/comments?post=1048"}],"version-history":[{"count":10,"href":"https:\/\/hervelin.com\/blog\/wp-json\/wp\/v2\/pages\/1048\/revisions"}],"predecessor-version":[{"id":1063,"href":"https:\/\/hervelin.com\/blog\/wp-json\/wp\/v2\/pages\/1048\/revisions\/1063"}],"up":[{"embeddable":true,"href":"https:\/\/hervelin.com\/blog\/wp-json\/wp\/v2\/pages\/397"}],"wp:attachment":[{"href":"https:\/\/hervelin.com\/blog\/wp-json\/wp\/v2\/media?parent=1048"}],"curies":[{"name":"wp","href":"https:\/\/api.w.org\/{rel}","templated":true}]}}